{"id":102,"date":"2024-11-13T15:58:42","date_gmt":"2024-11-13T14:58:42","guid":{"rendered":"https:\/\/ackvarearis.piano-d.dev\/login\/"},"modified":"2024-11-19T08:35:07","modified_gmt":"2024-11-19T07:35:07","slug":"login","status":"publish","type":"page","link":"https:\/\/ackvarearis.piano-d.dev\/sl\/login\/","title":{"rendered":"Dobrodo\u0161li! Prijavite se ali Registrirajte se"},"content":{"rendered":"        <div class=\"fascia-form fullwidth\" style=\"background-size:cover; background-image: url('');\">\n        <div style=\"margin-top: 0px;\" class=\"fascia-form__inner\">\n                            <h2 class=\"title h2\">Prijava<\/h2>\n                <span class=\"campi-obb\">Vnesite svoje podatke za prijavo<\/span>\n            \n            <div>\n                \n                <form name=\"loginform\" id=\"loginform\" action=\"https:\/\/ackvarearis.piano-d.dev\/wp-login.php\" method=\"post\"><p class=\"login-username\">\n\t\t\t\t<label for=\"user_login\">Uporabni\u0161ko ime ali e-po\u0161ta<\/label>\n\t\t\t\t<input type=\"text\" name=\"log\" id=\"user_login\" autocomplete=\"username\" class=\"input\" value=\"\" size=\"20\" required=\"required\" \/>\n\t\t\t<\/p><p class=\"login-password\">\n\t\t\t\t<label for=\"user_pass\">Geslo<\/label>\n\t\t\t\t<input type=\"password\" name=\"pwd\" id=\"user_pass\" autocomplete=\"current-password\" spellcheck=\"false\" class=\"input\" value=\"\" size=\"20\" required=\"required\" \/>\n\t\t\t<\/p><a class=\"forgot\" href=\"\/wp-login.php?action=lostpassword\">Pozabljeno geslo?<\/a><p class=\"login-remember\"><label><input name=\"rememberme\" type=\"checkbox\" id=\"rememberme\" value=\"forever\" \/> Ostani prijavljen<\/label><\/p><p class=\"login-submit\">\n\t\t\t\t<input type=\"submit\" name=\"wp-submit\" id=\"wp-submit\" class=\"button button-primary\" value=\"Prijavite se\" \/>\n\t\t\t\t<input type=\"hidden\" name=\"redirect_to\" value=\"https:\/\/ackvarearis.piano-d.dev\/sl\/wp-json\/wp\/v2\/pages\/102\" \/>\n\t\t\t<\/p><\/form>            <\/div>\n        <\/div>\n        <div style=\"margin-top: 0px;\" class=\"fascia-form__inner\">\n            <div>\n                                    <h2 class=\"title h2\">Registrirajte se<\/h2>\n                    <span class=\"campi-obb\">Polja, ozna\u010dena z *, so obvezna<\/span>\n                    <div>\n                        <div class=\"frm_forms  with_frm_style frm_style_stile-di-formidable\" id=\"frm_form_3_container\" data-token=\"ba892b6025c892559aacbc41042fe550\">\n<form enctype=\"multipart\/form-data\" method=\"post\" class=\"frm-show-form  frm_js_validate  frm_ajax_submit  frm_pro_form \" id=\"form_registrazione2\" data-token=\"ba892b6025c892559aacbc41042fe550\">\n<div class=\"frm_form_fields \">\n<fieldset>\n<legend class=\"frm_hidden\">Registrazione SL<\/legend>\r\n\r\n<div class=\"frm_fields_container\">\n<input type=\"hidden\" name=\"frm_action\" value=\"create\" \/>\n<input type=\"hidden\" name=\"form_id\" value=\"3\" \/>\n<input type=\"hidden\" name=\"frm_hide_fields_3\" id=\"frm_hide_fields_3\" value=\"\" \/>\n<input type=\"hidden\" name=\"form_key\" value=\"registrazione2\" \/>\n<input type=\"hidden\" name=\"item_meta[0]\" value=\"\" \/>\n<input type=\"hidden\" id=\"frm_submit_entry_3\" name=\"frm_submit_entry_3\" value=\"ac6749613b\" \/><input type=\"hidden\" name=\"_wp_http_referer\" value=\"\/sl\/wp-json\/wp\/v2\/pages\/102\" \/><div id=\"frm_field_20_container\" class=\"frm_form_field form-field  frm_required_field frm_top_container frm_first frm_half\">\r\n    <label for=\"field_o69jd2\" class=\"frm_primary_label\">Ime *\r\n        <span class=\"frm_required\"><\/span>\r\n    <\/label>\r\n    <input type=\"text\" id=\"field_o69jd2\" name=\"item_meta[20]\" value=\"\"  data-reqmsg=\"Questo campo non pu\u00f2 essere vuoto.\" aria-required=\"true\" data-invmsg=\"Ime * non \u00e8 valido\" aria-invalid=\"false\"  \/>\r\n    \r\n    \r\n<\/div>\n<div id=\"frm_field_21_container\" class=\"frm_form_field form-field  frm_required_field frm_top_container frm_half\">\r\n    <label for=\"field_l3dkc2\" class=\"frm_primary_label\">Priimek *\r\n        <span class=\"frm_required\"><\/span>\r\n    <\/label>\r\n    <input type=\"text\" id=\"field_l3dkc2\" name=\"item_meta[21]\" value=\"\"  data-reqmsg=\"Questo campo non pu\u00f2 essere vuoto.\" aria-required=\"true\" data-invmsg=\"Priimek * non \u00e8 valido\" aria-invalid=\"false\"  \/>\r\n    \r\n    \r\n<\/div>\n<div id=\"frm_field_22_container\" class=\"frm_form_field form-field  frm_required_field frm_top_container frm12\">\r\n    <label for=\"field_4guw52\" class=\"frm_primary_label\">Dav\u010dna \u0161tevilka *\r\n        <span class=\"frm_required\"><\/span>\r\n    <\/label>\r\n    <input type=\"text\" id=\"field_4guw52\" name=\"item_meta[22]\" value=\"\"  data-reqmsg=\"Questo campo non pu\u00f2 essere vuoto.\" aria-required=\"true\" data-invmsg=\"Dav\u010dna \u0161tevilka * non \u00e8 valido\" aria-invalid=\"false\"  \/>\r\n    \r\n    \r\n<\/div>\n<div id=\"frm_field_23_container\" class=\"frm_form_field form-field  frm_required_field frm_top_container frm12\">\r\n    <label for=\"field_yo1cr2\" class=\"frm_primary_label\">\u0160tevilka ra\u010duna ali \u0161tevilke ra\u010dunov (lo\u010dene z vejico, ali dodamo polje \u00bbdodaj vrstice\u00ab) *\r\n        <span class=\"frm_required\"><\/span>\r\n    <\/label>\r\n    <input type=\"text\" id=\"field_yo1cr2\" name=\"item_meta[23]\" value=\"\"  data-reqmsg=\"Questo campo non pu\u00f2 essere vuoto.\" aria-required=\"true\" data-invmsg=\"\u0160tevilka ra\u010duna ali \u0161tevilke ra\u010dunov (lo\u010dene z vejico, ali dodamo polje \u00bbdodaj vrstice\u00ab) * non \u00e8 valido\" aria-invalid=\"false\"  \/>\r\n    \r\n    \r\n<\/div>\n<div id=\"frm_field_24_container\" class=\"frm_form_field form-field  frm_required_field frm_top_container\">\r\n\t<label for=\"field_2tsv\" id=\"field_2tsv_label\" class=\"frm_primary_label\">Mobilni telefon *\r\n\t\t<span class=\"frm_required\" aria-hidden=\"true\"><\/span>\r\n\t<\/label>\r\n\t<input type=\"tel\" id=\"field_2tsv\" name=\"item_meta[24]\" value=\"\"  data-reqmsg=\"Questo campo non pu\u00f2 essere vuoto.\" aria-required=\"true\" data-invmsg=\"Questo campo non \u00e8 valido.\" aria-invalid=\"false\" pattern=\"((\\+\\d{1,3}(-|.| )?\\(?\\d\\)?(-| |.)?\\d{1,5})|(\\(?\\d{2,6}\\)?))(-|.| )?(\\d{3,4})(-|.| )?(\\d{4})(( x| ext)\\d{1,5}){0,1}$\"  \/>\r\n\t\r\n\t\r\n<\/div>\n<div id=\"frm_field_25_container\" class=\"frm_form_field form-field  frm_required_field frm_top_container frm_first\">\r\n    <label for=\"field_qulq12\" class=\"frm_primary_label\">E-po\u0161ta *\r\n        <span class=\"frm_required\"><\/span>\r\n    <\/label>\r\n    <input type=\"email\" id=\"field_qulq12\" name=\"item_meta[25]\" value=\"\"  data-reqmsg=\"Questo campo non pu\u00f2 essere vuoto.\" aria-required=\"true\" data-invmsg=\"Questo campo non \u00e8 valido.\" aria-invalid=\"false\"   aria-describedby=\"frm_desc_field_qulq12\"\/>\r\n    <div id=\"frm_desc_field_qulq12\" class=\"frm_description\">Vnesite e-po\u0161tni naslov<\/div>\r\n    \r\n<\/div>\n<div id=\"frm_field_conf_25_container\" class=\"frm_form_field frm_hidden_container frm_conf_field form-field  frm_required_field frm_top_container\">\r\n    <label for=\"field_conf_qulq12\" class=\"frm_conf_label frm_primary_label\">Confirm E-po\u0161ta *\r\n        <span class=\"frm_required\"><\/span>\r\n    <\/label>\r\n    <input type=\"email\" id=\"field_conf_qulq12\" name=\"item_meta[conf_25]\" value=\"\"  data-reqmsg=\"Questo campo non pu\u00f2 essere vuoto.\" aria-required=\"true\" data-confmsg=\"I valori inseriti non corrispondono.\" data-invmsg=\"Questo campo non \u00e8 valido.\" aria-invalid=\"false\"   aria-describedby=\"frm_desc_field_conf_qulq12\"\/>\r\n    <div id=\"frm_desc_field_conf_qulq12\" class=\"frm_description\">Potrdite e-po\u0161tni naslov<\/div>\r\n    \r\n<\/div>\n<div id=\"frm_field_26_container\" class=\"frm_form_field form-field  frm_required_field frm_top_container frm_first\">\r\n    <label for=\"field_1abwj2\" class=\"frm_primary_label\">Geslo *\r\n        <span class=\"frm_required\"><\/span>\r\n    <\/label>\r\n    <input type=\"password\" id=\"field_1abwj2\" name=\"item_meta[26]\" value=\"\"  data-reqmsg=\"Questo campo non pu\u00f2 essere vuoto.\" aria-required=\"true\" data-invmsg=\"Questo campo non \u00e8 valido.\" aria-invalid=\"false\"   aria-describedby=\"frm_desc_field_1abwj2\"\/>\r\n    <div id=\"frm_desc_field_1abwj2\" class=\"frm_description\">Vnesite geslo<\/div>\r\n    \r\n<\/div>\n<div id=\"frm_field_conf_26_container\" class=\"frm_form_field frm_hidden_container frm_conf_field form-field  frm_required_field frm_top_container\">\r\n    <label for=\"field_conf_1abwj2\" class=\"frm_conf_label frm_primary_label\">Confirm Geslo *\r\n        <span class=\"frm_required\"><\/span>\r\n    <\/label>\r\n    <input type=\"password\" id=\"field_conf_1abwj2\" name=\"item_meta[conf_26]\" value=\"\"  data-reqmsg=\"Questo campo non pu\u00f2 essere vuoto.\" aria-required=\"true\" data-confmsg=\"I valori inseriti non corrispondono.\" data-invmsg=\"Questo campo non \u00e8 valido.\" aria-invalid=\"false\"   aria-describedby=\"frm_desc_field_conf_1abwj2\"\/>\r\n    <div id=\"frm_desc_field_conf_1abwj2\" class=\"frm_description\">Potrdite geslo<\/div>\r\n    \r\n<\/div>\n<input type=\"hidden\" name=\"item_meta[27]\" id=\"field_zah2u2\" value=\"\" data-frmval=\"\"\/>\n<input type=\"hidden\" name=\"item_meta[32]\" id=\"field_rpqmu\" value=\"slo\"  data-frmval=\"slo\"   \/>\n<div id=\"frm_field_28_container\" class=\"frm_form_field form-field  frm_required_field frm_top_container vertical_radio\">\r\n\t<div  id=\"field_p6rxi2_label\" class=\"frm_primary_label\">\r\n\t\t<span class=\"frm_required\" aria-hidden=\"true\"><\/span>\r\n\t<\/div>\r\n\t<div class=\"frm_opt_container\" aria-labelledby=\"field_p6rxi2_label\" role=\"group\">\t\t<div class=\"frm_checkbox\" id=\"frm_checkbox_28-0\">\t\t\t<label  for=\"field_p6rxi2-0\">\n\t\t\t<input type=\"checkbox\" name=\"item_meta[28][]\" id=\"field_p6rxi2-0\" value=\"Prebral sem in sprejemam pogoje &lt;a target=&quot;_blank&quot; href=&quot;https:\/\/ackv.it\/sl\/privacy-policy\/&quot;&gt;politike zasebnosti&lt;\/a&gt;\"  data-reqmsg=\"Questo campo non pu\u00f2 essere vuoto.\" data-invmsg=\"This field is invalid\" aria-invalid=\"false\"   aria-required=\"true\"  \/> Prebral sem in sprejemam pogoje <a target=\"_blank\" href=\"https:\/\/ackv.it\/sl\/privacy-policy\/\">politike zasebnosti<\/a><\/label><\/div>\n<\/div>\r\n\t\r\n\t\r\n<\/div>\n<div id=\"frm_field_29_container\" class=\"frm_form_field form-field  frm_none_container\">\r\n\t<label for=\"g-recaptcha-response\" id=\"field_2yuai2_label\" class=\"frm_primary_label\">Captcha\r\n\t\t<span class=\"frm_required\" aria-hidden=\"true\"><\/span>\r\n\t<\/label>\r\n\t\r\n\t\r\n\t\r\n<\/div>\n<div id=\"frm_field_30_container\" class=\"frm_form_field form-field \">\r\n\t<div class=\"frm_submit\">\r\n\r\n<button class=\"frm_button_submit frm_final_submit\" type=\"submit\"   formnovalidate=\"formnovalidate\">Izvedite registracijo<\/button>\r\n\r\n<\/div>\r\n<\/div>\n\t<input type=\"hidden\" name=\"item_key\" value=\"\" \/>\n\t\t\t\t<div class=\"frm__6734c7aa6729f\">\n\t\t\t\t<label for=\"frm_email_3\" >\n\t\t\t\t\tIf you are human, leave this field blank.\t\t\t\t<\/label>\n\t\t\t\t<input  id=\"frm_email_3\" type=\"text\" class=\"frm_verify\" name=\"frm__6734c7aa6729f\" value=\"\" autocomplete=\"off\"  \/>\n\t\t\t<\/div>\n\t\t<input type=\"hidden\" name=\"frm_register[email]\" value=\"25\"\/>\n<input type=\"hidden\" name=\"frm_register[username]\" value=\"\"\/>\n<input type=\"hidden\" name=\"frm_register[password]\" value=\"26\"\/>\n<input type=\"hidden\" name=\"frm_register[subsite_title]\" value=\"username\"\/>\n<input type=\"hidden\" name=\"frm_register[subsite_domain]\" value=\"blog_title\"\/>\n<input name=\"frm_state\" type=\"hidden\" value=\"PdilGX9cP0kkM9+aMBYXEi10PREdoPEtbttBy3uXMak=\" \/><\/div>\n<\/fieldset>\n<\/div>\n\n<\/form>\n<\/div>\n                    <\/div>\n                            <\/div>\n        <\/div>\n    <\/div>\n    <div aria-live=\"assertive\" class=\"pointer-events-none fixed inset-0 z-40 flex flex-col items-center justify-end space-y-3 px-4 py-6 sm:items-end sm:justify-end sm:p-6\"><\/div>\n    \n","protected":false},"excerpt":{"rendered":"","protected":false},"author":1,"featured_media":0,"parent":0,"menu_order":0,"comment_status":"closed","ping_status":"closed","template":"","meta":{"footnotes":""},"class_list":["post-102","page","type-page","status-publish","hentry"],"acf":[],"_links":{"self":[{"href":"https:\/\/ackvarearis.piano-d.dev\/sl\/wp-json\/wp\/v2\/pages\/102","targetHints":{"allow":["GET"]}}],"collection":[{"href":"https:\/\/ackvarearis.piano-d.dev\/sl\/wp-json\/wp\/v2\/pages"}],"about":[{"href":"https:\/\/ackvarearis.piano-d.dev\/sl\/wp-json\/wp\/v2\/types\/page"}],"author":[{"embeddable":true,"href":"https:\/\/ackvarearis.piano-d.dev\/sl\/wp-json\/wp\/v2\/users\/1"}],"replies":[{"embeddable":true,"href":"https:\/\/ackvarearis.piano-d.dev\/sl\/wp-json\/wp\/v2\/comments?post=102"}],"version-history":[{"count":1,"href":"https:\/\/ackvarearis.piano-d.dev\/sl\/wp-json\/wp\/v2\/pages\/102\/revisions"}],"predecessor-version":[{"id":104,"href":"https:\/\/ackvarearis.piano-d.dev\/sl\/wp-json\/wp\/v2\/pages\/102\/revisions\/104"}],"wp:attachment":[{"href":"https:\/\/ackvarearis.piano-d.dev\/sl\/wp-json\/wp\/v2\/media?parent=102"}],"curies":[{"name":"wp","href":"https:\/\/api.w.org\/{rel}","templated":true}]}}